{"id":988098,"date":"2016-12-05T16:27:32","date_gmt":"2016-12-05T14:27:32","guid":{"rendered":"http:\/\/simconta.ro\/about-us\/"},"modified":"2021-03-13T10:28:05","modified_gmt":"2021-03-13T08:28:05","slug":"about-us","status":"publish","type":"page","link":"https:\/\/simconta.ro\/en\/about-us\/","title":{"rendered":"About us"},"content":{"rendered":"<div class=\"vgblk-rw-wrapper limit-wrapper\">\n<h2>\n\tExperience in the financial-accounting field\n\t<\/h2>\n\t<h4>Over 20 years of experience in the field have taught us how to adapt our services for any field of activity, so that our customers benefit from an improvement in taxation, to know at any time what is happening financially with their company and be able to focus on profitable activities within the company.<\/h4>\n\t<h5>Simconta Accounting is part of the P&amp;F Finance LTD and JCP Audit group \u2192 <a href=\"http:\/\/www.jcp.eu.com\/\" rel=\"nofollow noopener\" target=\"_blank\"><strong>www.JCP.eu<\/strong><\/a><\/h5>\n<h2>\n\tComplete services\n\t<\/h2>\n\t<h4>We offer efficient accounting, taxation, human resources, evaluations and financial analysis solutions, specially adapted to the clients&#8217; field of activity.<br \/>\nComplete accounting services means that at Simconta you will find a solution to any problem you face. Whether it is about financial evaluations and analyzes, fiscal issues or related to the human resources sector, we can adapt according to the client&#8217;s field of activity and offer the best solutions.<\/h4>\n<h2>\n\tPerformance\n\t<\/h2>\n\t<h4>In order to deliver the best services, our experts have been accredited by the most important bodies in the field, both in Romania and internationally:<\/h4>\n<p>&nbsp;<\/p>\n<ul>\n<li>\n<ul>\n<li>CECCAR &#8211; Body of Expert Accountants and Certified Accountants in Romania<\/li>\n<li>CAFR &#8211; Romanian Chamber of Financial Auditors<\/li>\n<li>CCF &#8211; Romanian Chamber of Tax Consultants<\/li>\n<li>UNPIR &#8211; National Union of Insolvency Practitioners in Romania<\/li>\n<li>ACCA &#8211; Association of Chartered Certified Accountants<\/li>\n<\/ul>\n<\/li>\n<\/ul>\n<h2>\n\tCustomers\n\t<\/h2>\n\t<p>We build a relationship of trust with all our customers to create long-term partnerships that are beneficial to both parties.<\/p>\n\t\t\t\t<a href=\"https:\/\/seliton.ro\/\" target=\"_self\" rel=\"nofollow noopener\" itemprop=\"url\">\n\t\t\t\t\t\t\t<img decoding=\"async\" loading=\"lazy\" src=\"http:\/\/simconta.ro\/wp-content\/uploads\/2021\/03\/logo-seliton_ro.png\" alt=\"logo-seliton_ro\" itemprop=\"image\" height=\"100\" width=\"350\" data-link-type=\"url\" title=\"logo-seliton_ro\" onerror=\"this.style.display='none'\"  sizes=\"auto, (max-width: 768px) 100vw, 100vw\" srcset=\"data:image\/svg+xml;utf8,&lt;svg%20xmlns=&quot;http:\/\/www.w3.org\/2000\/svg&quot;%20viewBox=&quot;0%200%20350%20100&quot;%20height=&quot;100px&quot;%20width=&quot;350px&quot;\/&gt;\" data-srcset=\"https:\/\/mk0simcontakck35xfwa.kinstacdn.com\/wp-content\/uploads\/2021\/03\/logo-seliton_ro.png 350w, https:\/\/mk0simcontakck35xfwa.kinstacdn.com\/wp-content\/uploads\/2021\/03\/logo-seliton_ro-300x86.png 300w, https:\/\/mk0simcontakck35xfwa.kinstacdn.com\/wp-content\/uploads\/2021\/03\/logo-seliton_ro-315x90.png 315w\" \/>\t\t\t\t\t\t<\/a>\n\t\t\t\t<a href=\"http:\/\/www.alphatrans.ro\/en\/\" target=\"_self\" rel=\"nofollow noopener\" itemprop=\"url\">\n\t\t\t\t\t\t\t<img decoding=\"async\" loading=\"lazy\" src=\"http:\/\/simconta.ro\/wp-content\/uploads\/2021\/03\/logo-alphatrans.png\" alt=\"logo-alphatrans\" itemprop=\"image\" height=\"100\" width=\"350\" data-link-type=\"url\" title=\"logo-alphatrans\" onerror=\"this.style.display='none'\"  sizes=\"auto, (max-width: 768px) 100vw, 100vw\" srcset=\"data:image\/svg+xml;utf8,&lt;svg%20xmlns=&quot;http:\/\/www.w3.org\/2000\/svg&quot;%20viewBox=&quot;0%200%20350%20100&quot;%20height=&quot;100px&quot;%20width=&quot;350px&quot;\/&gt;\" data-srcset=\"https:\/\/mk0simcontakck35xfwa.kinstacdn.com\/wp-content\/uploads\/2021\/03\/logo-alphatrans.png 350w, https:\/\/mk0simcontakck35xfwa.kinstacdn.com\/wp-content\/uploads\/2021\/03\/logo-alphatrans-300x86.png 300w, https:\/\/mk0simcontakck35xfwa.kinstacdn.com\/wp-content\/uploads\/2021\/03\/logo-alphatrans-315x90.png 315w\" \/>\t\t\t\t\t\t<\/a>\n\t\t\t\t<a href=\"https:\/\/www.theexpgroup.com\/\" target=\"_self\" rel=\"nofollow noopener\" itemprop=\"url\">\n\t\t\t\t\t\t\t<img decoding=\"async\" loading=\"lazy\" src=\"http:\/\/simconta.ro\/wp-content\/uploads\/2021\/03\/logo-theexpgroup.com_.png\" alt=\"logo-theexpgroup.com_\" itemprop=\"image\" height=\"100\" width=\"350\" data-link-type=\"url\" title=\"logo-theexpgroup.com_\" onerror=\"this.style.display='none'\"  sizes=\"auto, (max-width: 768px) 100vw, 100vw\" srcset=\"data:image\/svg+xml;utf8,&lt;svg%20xmlns=&quot;http:\/\/www.w3.org\/2000\/svg&quot;%20viewBox=&quot;0%200%20350%20100&quot;%20height=&quot;100px&quot;%20width=&quot;350px&quot;\/&gt;\" data-srcset=\"https:\/\/mk0simcontakck35xfwa.kinstacdn.com\/wp-content\/uploads\/2021\/03\/logo-theexpgroup.com_.png 350w, https:\/\/mk0simcontakck35xfwa.kinstacdn.com\/wp-content\/uploads\/2021\/03\/logo-theexpgroup.com_-300x86.png 300w, https:\/\/mk0simcontakck35xfwa.kinstacdn.com\/wp-content\/uploads\/2021\/03\/logo-theexpgroup.com_-315x90.png 315w\" \/>\t\t\t\t\t\t<\/a>\n\t\t\t\t<a href=\"http:\/\/www.aliweb.ro\/\" target=\"_self\" rel=\"nofollow noopener\" itemprop=\"url\">\n\t\t\t\t\t\t\t<img decoding=\"async\" loading=\"lazy\" src=\"http:\/\/simconta.ro\/wp-content\/uploads\/2021\/03\/logo-aliweb.ro_.png\" alt=\"logo-aliweb.ro_\" itemprop=\"image\" height=\"100\" width=\"350\" data-link-type=\"url\" title=\"logo-aliweb.ro_\" onerror=\"this.style.display='none'\"  sizes=\"auto, (max-width: 768px) 100vw, 100vw\" srcset=\"data:image\/svg+xml;utf8,&lt;svg%20xmlns=&quot;http:\/\/www.w3.org\/2000\/svg&quot;%20viewBox=&quot;0%200%20350%20100&quot;%20height=&quot;100px&quot;%20width=&quot;350px&quot;\/&gt;\" data-srcset=\"https:\/\/mk0simcontakck35xfwa.kinstacdn.com\/wp-content\/uploads\/2021\/03\/logo-aliweb.ro_.png 350w, https:\/\/mk0simcontakck35xfwa.kinstacdn.com\/wp-content\/uploads\/2021\/03\/logo-aliweb.ro_-300x86.png 300w, https:\/\/mk0simcontakck35xfwa.kinstacdn.com\/wp-content\/uploads\/2021\/03\/logo-aliweb.ro_-315x90.png 315w\" \/>\t\t\t\t\t\t<\/a>\n\t\t\t\t<a href=\"https:\/\/www.expresslines.ro\/\" target=\"_self\" rel=\"nofollow noopener\" itemprop=\"url\">\n\t\t\t\t\t\t\t<img decoding=\"async\" loading=\"lazy\" src=\"http:\/\/simconta.ro\/wp-content\/uploads\/2021\/03\/logo-expresslines.ro_.png\" alt=\"logo-expresslines.ro_\" itemprop=\"image\" height=\"100\" width=\"350\" data-link-type=\"url\" title=\"logo-expresslines.ro_\" onerror=\"this.style.display='none'\"  sizes=\"auto, (max-width: 768px) 100vw, 100vw\" srcset=\"data:image\/svg+xml;utf8,&lt;svg%20xmlns=&quot;http:\/\/www.w3.org\/2000\/svg&quot;%20viewBox=&quot;0%200%20350%20100&quot;%20height=&quot;100px&quot;%20width=&quot;350px&quot;\/&gt;\" data-srcset=\"https:\/\/mk0simcontakck35xfwa.kinstacdn.com\/wp-content\/uploads\/2021\/03\/logo-expresslines.ro_.png 350w, https:\/\/mk0simcontakck35xfwa.kinstacdn.com\/wp-content\/uploads\/2021\/03\/logo-expresslines.ro_-300x86.png 300w, https:\/\/mk0simcontakck35xfwa.kinstacdn.com\/wp-content\/uploads\/2021\/03\/logo-expresslines.ro_-315x90.png 315w\" \/>\t\t\t\t\t\t<\/a>\n\t\t\t\t<a href=\"http:\/\/www.romada.ro\/\" target=\"_self\" rel=\"nofollow noopener\" itemprop=\"url\">\n\t\t\t\t\t\t\t<img decoding=\"async\" loading=\"lazy\" src=\"http:\/\/simconta.ro\/wp-content\/uploads\/2021\/03\/logo-romada.png\" alt=\"logo-romada\" itemprop=\"image\" height=\"100\" width=\"350\" data-link-type=\"url\" title=\"logo-romada\" onerror=\"this.style.display='none'\"  sizes=\"auto, (max-width: 768px) 100vw, 100vw\" srcset=\"data:image\/svg+xml;utf8,&lt;svg%20xmlns=&quot;http:\/\/www.w3.org\/2000\/svg&quot;%20viewBox=&quot;0%200%20350%20100&quot;%20height=&quot;100px&quot;%20width=&quot;350px&quot;\/&gt;\" data-srcset=\"https:\/\/mk0simcontakck35xfwa.kinstacdn.com\/wp-content\/uploads\/2021\/03\/logo-romada.png 350w, https:\/\/mk0simcontakck35xfwa.kinstacdn.com\/wp-content\/uploads\/2021\/03\/logo-romada-300x86.png 300w, https:\/\/mk0simcontakck35xfwa.kinstacdn.com\/wp-content\/uploads\/2021\/03\/logo-romada-315x90.png 315w\" \/>\t\t\t\t\t\t<\/a>\n\t\t\t\t<a href=\"https:\/\/btt.ro\/\" target=\"_self\" rel=\"nofollow noopener\" itemprop=\"url\">\n\t\t\t\t\t\t\t<img decoding=\"async\" loading=\"lazy\" src=\"http:\/\/simconta.ro\/wp-content\/uploads\/2021\/03\/logo-btt.png\" alt=\"logo-btt\" itemprop=\"image\" height=\"100\" width=\"350\" data-link-type=\"url\" title=\"logo-btt\" onerror=\"this.style.display='none'\"  sizes=\"auto, (max-width: 768px) 100vw, 100vw\" srcset=\"data:image\/svg+xml;utf8,&lt;svg%20xmlns=&quot;http:\/\/www.w3.org\/2000\/svg&quot;%20viewBox=&quot;0%200%20350%20100&quot;%20height=&quot;100px&quot;%20width=&quot;350px&quot;\/&gt;\" data-srcset=\"https:\/\/mk0simcontakck35xfwa.kinstacdn.com\/wp-content\/uploads\/2021\/03\/logo-btt.png 350w, https:\/\/mk0simcontakck35xfwa.kinstacdn.com\/wp-content\/uploads\/2021\/03\/logo-btt-300x86.png 300w, https:\/\/mk0simcontakck35xfwa.kinstacdn.com\/wp-content\/uploads\/2021\/03\/logo-btt-315x90.png 315w\" \/>\t\t\t\t\t\t<\/a>\n\t\t\t\t<a href=\"https:\/\/www.koronatravel.gr\/portal\/el\/\" target=\"_self\" rel=\"nofollow noopener\" itemprop=\"url\">\n\t\t\t\t\t\t\t<img decoding=\"async\" loading=\"lazy\" src=\"http:\/\/simconta.ro\/wp-content\/uploads\/2021\/03\/logo-koronatravel.gr_.png\" alt=\"logo-koronatravel.gr_\" itemprop=\"image\" height=\"100\" width=\"350\" data-link-type=\"url\" title=\"logo-koronatravel.gr_\" onerror=\"this.style.display='none'\"  sizes=\"auto, (max-width: 768px) 100vw, 100vw\" srcset=\"data:image\/svg+xml;utf8,&lt;svg%20xmlns=&quot;http:\/\/www.w3.org\/2000\/svg&quot;%20viewBox=&quot;0%200%20350%20100&quot;%20height=&quot;100px&quot;%20width=&quot;350px&quot;\/&gt;\" data-srcset=\"https:\/\/mk0simcontakck35xfwa.kinstacdn.com\/wp-content\/uploads\/2021\/03\/logo-koronatravel.gr_.png 350w, https:\/\/mk0simcontakck35xfwa.kinstacdn.com\/wp-content\/uploads\/2021\/03\/logo-koronatravel.gr_-300x86.png 300w, https:\/\/mk0simcontakck35xfwa.kinstacdn.com\/wp-content\/uploads\/2021\/03\/logo-koronatravel.gr_-315x90.png 315w\" \/>\t\t\t\t\t\t<\/a>\n\t<p>I understood the importance of the details. That is why our constant concern is to identify development opportunities for each company and company we work with.<\/p>\n<p>Our goal is to offer high quality services and to identify any opportunities that can lead to the financial success of our clients.<\/p>\n<p>The relationships we build are stable, based on trust &#8211; the proof is the vast portfolio of clients who appreciate our performance standards and professionalism.<\/p>\n\tAs in any other field of activity, experience has its say. In the over 20 years since the establishment of the group of accounting firms, we have constantly adapted our services, regardless of the client&#8217;s field of activity. Only in this way we managed to offer anyone the solution<br \/>\nsought: improving taxation, full control and monitoring from a financial point of view.\n<p>In this way, our clients, collaborators and partners were able to better focus on other aspects of our own companies, leaving the accounting services in the care of Simconta.<\/p>\n<h2>\n\tOur partners\n\t<\/h2>\n\t\n\n\n<h5><strong>Simconta secondary offices<\/strong><\/h5>\nGrecia &#8211; Athens &#8211; Bulevardul Athinon 52 &#8211; Peristeri<br \/>\nCipru &#8211; Nicosia &#8211; Bldv. Papavasileiou 70\n\t<a href=\"http:\/\/en\/contact-us\/\" target=\"_self\" role=\"button\" rel=\"noopener\">\n\t\t\t\t\tContact us\n\t<\/a>\n<h2>\n\tContacteaz\u0103-ne!\n\t<\/h2>\n    Notice: JavaScript is required for this content.\n        <!-- TODO: Move to Template File. -->\n\t<h5>Telefon: <a href=\"tel:0725150284\">0725 150 284<\/a><\/h5>\n<p>Echipa noastr\u0103 este preg\u0103tit\u0103 s\u0103 preia solicitarea dvs. \u00een orice clip\u0103.<\/p>\n\t<a href=\"\/contact\/\" target=\"_self\" role=\"button\" rel=\"noopener\">\n\t\t\t\t\tDate de contact\n\t<\/a>\n\n<\/div><!-- .vgblk-rw-wrapper -->","protected":false},"excerpt":{"rendered":"<p>Experience in the financial-accounting field Over 20 years of experience in the field have taught us how to adapt our services for any field of activity, so that our customers benefit from an improvement in taxation, to know at any time what is happening financially with their company and be able to focus on profitable&#8230;<\/p>\n","protected":false},"author":2,"featured_media":0,"parent":0,"menu_order":0,"comment_status":"closed","ping_status":"closed","template":"","meta":{"footnotes":""},"class_list":["post-988098","page","type-page","status-publish","hentry"],"_links":{"self":[{"href":"https:\/\/simconta.ro\/en\/wp-json\/wp\/v2\/pages\/988098","targetHints":{"allow":["GET"]}}],"collection":[{"href":"https:\/\/simconta.ro\/en\/wp-json\/wp\/v2\/pages"}],"about":[{"href":"https:\/\/simconta.ro\/en\/wp-json\/wp\/v2\/types\/page"}],"author":[{"embeddable":true,"href":"https:\/\/simconta.ro\/en\/wp-json\/wp\/v2\/users\/2"}],"replies":[{"embeddable":true,"href":"https:\/\/simconta.ro\/en\/wp-json\/wp\/v2\/comments?post=988098"}],"version-history":[{"count":0,"href":"https:\/\/simconta.ro\/en\/wp-json\/wp\/v2\/pages\/988098\/revisions"}],"wp:attachment":[{"href":"https:\/\/simconta.ro\/en\/wp-json\/wp\/v2\/media?parent=988098"}],"curies":[{"name":"wp","href":"https:\/\/api.w.org\/{rel}","templated":true}]}}